{"id":57,"date":"2025-10-20T18:56:42","date_gmt":"2025-10-20T18:56:42","guid":{"rendered":"https:\/\/proactive.nexbu.cloud\/?page_id=57"},"modified":"2026-01-13T12:40:58","modified_gmt":"2026-01-13T12:40:58","slug":"ingenieria-de-precision","status":"publish","type":"page","link":"https:\/\/proactive.nexbu.cloud\/?page_id=57","title":{"rendered":"Ingenier\u00eda de precisi\u00f3n"},"content":{"rendered":"\t\t<div data-elementor-type=\"wp-page\" data-elementor-id=\"57\" class=\"elementor elementor-57\" data-elementor-post-type=\"page\">\n\t\t\t\t<div class=\"elementor-element elementor-element-c5bcfd4 e-con-full e-flex e-con e-parent\" data-id=\"c5bcfd4\" data-element_type=\"container\" data-settings=\"{&quot;background_background&quot;:&quot;classic&quot;}\">\n\t\t<div class=\"elementor-element elementor-element-2a39270 e-flex e-con-boxed e-con e-child\" data-id=\"2a39270\" data-element_type=\"container\">\n\t\t\t\t\t<div class=\"e-con-inner\">\n\t\t\t\t<div class=\"elementor-element elementor-element-8787809 elementor-widget elementor-widget-heading\" data-id=\"8787809\" data-element_type=\"widget\" data-widget_type=\"heading.default\">\n\t\t\t\t\t<h2 class=\"elementor-heading-title elementor-size-default\">Ingenier\u00eda de precisi\u00f3n para la Gran Miner\u00eda<\/h2>\t\t\t\t<\/div>\n\t\t\t\t<div class=\"elementor-element elementor-element-40d53c0 elementor-widget elementor-widget-text-editor\" data-id=\"40d53c0\" data-element_type=\"widget\" data-widget_type=\"text-editor.default\">\n\t\t\t\t\t\t\t\t\t<p>Dise\u00f1amos y verificamos proyectos industriales con herramientas digitales de \u00faltima generaci\u00f3n, asegurando soluciones m\u00e1s seguras, eficientes y sostenibles.<\/p>\t\t\t\t\t\t\t\t<\/div>\n\t\t<div class=\"elementor-element elementor-element-3b8e0db e-grid e-con-full e-con e-child\" data-id=\"3b8e0db\" data-element_type=\"container\">\n\t\t\t\t<div class=\"elementor-element elementor-element-687b59b elementor-align-left boton-sombra elementor-widget-mobile__width-initial elementor-hidden-desktop elementor-hidden-tablet elementor-hidden-mobile elementor-widget elementor-widget-button\" data-id=\"687b59b\" data-element_type=\"widget\" data-widget_type=\"button.default\">\n\t\t\t\t\t\t\t\t\t\t<a class=\"elementor-button elementor-button-link elementor-size-sm\" href=\"https:\/\/proactive.nexbu.cloud\/?page_id=2784\">\n\t\t\t\t\t\t<span class=\"elementor-button-content-wrapper\">\n\t\t\t\t\t\t\t\t\t<span class=\"elementor-button-text\">Cont\u00e1ctanos<\/span>\n\t\t\t\t\t<\/span>\n\t\t\t\t\t<\/a>\n\t\t\t\t\t\t\t\t<\/div>\n\t\t\t\t<div class=\"elementor-element elementor-element-22f302e elementor-align-left elementor-widget-mobile__width-initial elementor-hidden-desktop elementor-hidden-tablet elementor-hidden-mobile elementor-widget elementor-widget-button\" data-id=\"22f302e\" data-element_type=\"widget\" data-widget_type=\"button.default\">\n\t\t\t\t\t\t\t\t\t\t<a class=\"elementor-button elementor-button-link elementor-size-sm\" href=\"#\">\n\t\t\t\t\t\t<span class=\"elementor-button-content-wrapper\">\n\t\t\t\t\t\t\t\t\t<span class=\"elementor-button-text\">Conocer servicios<\/span>\n\t\t\t\t\t<\/span>\n\t\t\t\t\t<\/a>\n\t\t\t\t\t\t\t\t<\/div>\n\t\t\t\t<\/div>\n\t\t\t\t\t<\/div>\n\t\t\t\t<\/div>\n\t\t\t\t<\/div>\n\t\t<div class=\"elementor-element elementor-element-dda4742 e-flex e-con-boxed e-con e-parent\" data-id=\"dda4742\" data-element_type=\"container\" data-settings=\"{&quot;background_background&quot;:&quot;classic&quot;}\">\n\t\t\t\t\t<div class=\"e-con-inner\">\n\t\t<div class=\"elementor-element elementor-element-4bcf5f6 e-con-full e-flex e-con e-child\" data-id=\"4bcf5f6\" data-element_type=\"container\">\n\t\t\t\t<div class=\"elementor-element elementor-element-06e2fc1 elementor-widget__width-initial elementor-widget-mobile__width-inherit elementor-widget elementor-widget-heading\" data-id=\"06e2fc1\" data-element_type=\"widget\" data-widget_type=\"heading.default\">\n\t\t\t\t\t<h2 class=\"elementor-heading-title elementor-size-default\">Soluciones de ingenier\u00eda que transforman operaciones<\/h2>\t\t\t\t<\/div>\n\t\t\t\t<div class=\"elementor-element elementor-element-16270b9 elementor-widget elementor-widget-image\" data-id=\"16270b9\" data-element_type=\"widget\" data-widget_type=\"image.default\">\n\t\t\t\t\t\t\t\t\t\t\t\t\t\t\t<img decoding=\"async\" width=\"143\" height=\"9\" src=\"https:\/\/proactive.nexbu.cloud\/wp-content\/uploads\/2025\/10\/Rectangle-20-1.svg\" class=\"attachment-full size-full wp-image-1085\" alt=\"\" \/>\t\t\t\t\t\t\t\t\t\t\t\t\t\t\t<\/div>\n\t\t\t\t<div class=\"elementor-element elementor-element-72632c3 elementor-widget__width-initial elementor-widget-mobile__width-inherit elementor-widget elementor-widget-text-editor\" data-id=\"72632c3\" data-element_type=\"widget\" data-widget_type=\"text-editor.default\">\n\t\t\t\t\t\t\t\t\t<p>En PROACTIVE desarrollamos estudios, levantamientos y modelados que permiten anticipar riesgos y optimizar dise\u00f1os. Gracias a la integraci\u00f3n de software especializado y metodolog\u00edas avanzadas, aseguramos precisi\u00f3n en cada proyecto y reducimos tiempos y costos de ejecuci\u00f3n.<\/p>\t\t\t\t\t\t\t\t<\/div>\n\t\t\t\t<div class=\"elementor-element elementor-element-739928c elementor-align-left boton-sombra elementor-hidden-mobile elementor-hidden-desktop elementor-hidden-tablet elementor-widget elementor-widget-button\" data-id=\"739928c\" data-element_type=\"widget\" data-widget_type=\"button.default\">\n\t\t\t\t\t\t\t\t\t\t<a class=\"elementor-button elementor-button-link elementor-size-sm\" href=\"https:\/\/proactive.nexbu.cloud\/?page_id=2784\">\n\t\t\t\t\t\t<span class=\"elementor-button-content-wrapper\">\n\t\t\t\t\t\t\t\t\t<span class=\"elementor-button-text\">Cont\u00e1ctanos<\/span>\n\t\t\t\t\t<\/span>\n\t\t\t\t\t<\/a>\n\t\t\t\t\t\t\t\t<\/div>\n\t\t\t\t<\/div>\n\t\t<div class=\"elementor-element elementor-element-070162e e-con-full elementor-hidden-desktop elementor-hidden-tablet e-flex e-con e-child\" data-id=\"070162e\" data-element_type=\"container\" data-settings=\"{&quot;background_background&quot;:&quot;classic&quot;}\">\n\t\t\t\t<div class=\"elementor-element elementor-element-73aa7bf elementor-align-left boton-sombra elementor-mobile-align-justify elementor-widget-mobile__width-inherit elementor-hidden-desktop elementor-hidden-tablet elementor-widget elementor-widget-button\" data-id=\"73aa7bf\" data-element_type=\"widget\" data-widget_type=\"button.default\">\n\t\t\t\t\t\t\t\t\t\t<a class=\"elementor-button elementor-button-link elementor-size-sm\" href=\"https:\/\/proactive.nexbu.cloud\/?page_id=2784\">\n\t\t\t\t\t\t<span class=\"elementor-button-content-wrapper\">\n\t\t\t\t\t\t\t\t\t<span class=\"elementor-button-text\">Solicitar asesor\u00eda<\/span>\n\t\t\t\t\t<\/span>\n\t\t\t\t\t<\/a>\n\t\t\t\t\t\t\t\t<\/div>\n\t\t\t\t<\/div>\n\t\t\t\t\t<\/div>\n\t\t\t\t<\/div>\n\t\t<div class=\"elementor-element elementor-element-36d2a90 e-con-full e-flex e-con e-parent\" data-id=\"36d2a90\" data-element_type=\"container\" data-settings=\"{&quot;background_background&quot;:&quot;classic&quot;}\">\n\t\t\t\t<\/div>\n\t\t<div class=\"elementor-element elementor-element-3c7412a elementor-hidden-desktop elementor-hidden-tablet e-flex e-con-boxed e-con e-parent\" data-id=\"3c7412a\" data-element_type=\"container\" data-settings=\"{&quot;background_background&quot;:&quot;classic&quot;}\">\n\t\t\t\t\t<div class=\"e-con-inner\">\n\t\t<div class=\"elementor-element elementor-element-d2e9495 e-con-full e-flex e-con e-child\" data-id=\"d2e9495\" data-element_type=\"container\">\n\t\t\t\t<div class=\"elementor-element elementor-element-c1c4e05 elementor-widget__width-inherit elementor-widget elementor-widget-heading\" data-id=\"c1c4e05\" data-element_type=\"widget\" data-widget_type=\"heading.default\">\n\t\t\t\t\t<h2 class=\"elementor-heading-title elementor-size-default\">Nuestras Capacidades de Ingenier\u00eda<\/h2>\t\t\t\t<\/div>\n\t\t\t\t<div class=\"elementor-element elementor-element-7bdcacd elementor-widget elementor-widget-image\" data-id=\"7bdcacd\" data-element_type=\"widget\" data-widget_type=\"image.default\">\n\t\t\t\t\t\t\t\t\t\t\t\t\t\t\t<img decoding=\"async\" width=\"493\" height=\"9\" src=\"https:\/\/proactive.nexbu.cloud\/wp-content\/uploads\/2025\/10\/divisor-largo.png\" class=\"attachment-full size-full wp-image-1996\" alt=\"\" srcset=\"https:\/\/proactive.nexbu.cloud\/wp-content\/uploads\/2025\/10\/divisor-largo.png 493w, https:\/\/proactive.nexbu.cloud\/wp-content\/uploads\/2025\/10\/divisor-largo-300x5.png 300w\" sizes=\"(max-width: 493px) 100vw, 493px\" \/>\t\t\t\t\t\t\t\t\t\t\t\t\t\t\t<\/div>\n\t\t\t\t<div class=\"elementor-element elementor-element-5cfb63c elementor-widget__width-inherit elementor-widget elementor-widget-text-editor\" data-id=\"5cfb63c\" data-element_type=\"widget\" data-widget_type=\"text-editor.default\">\n\t\t\t\t\t\t\t\t\t<p>Ofrecemos soluciones t\u00e9cnicas avanzadas que combinan levantamientos digitales, modelados 3D y verificaci\u00f3n de dise\u00f1os, asegurando precisi\u00f3n y eficiencia en cada proyecto.<\/p>\t\t\t\t\t\t\t\t<\/div>\n\t\t<div class=\"elementor-element elementor-element-47a9a06 e-grid e-con-full e-con e-child\" data-id=\"47a9a06\" data-element_type=\"container\">\n\t\t<div class=\"elementor-element elementor-element-a26c780 e-con-full e-flex e-con e-child\" data-id=\"a26c780\" data-element_type=\"container\">\n\t\t\t\t<div class=\"elementor-element elementor-element-ee3c8d5 elementor-align-left elementor-hidden-desktop elementor-hidden-tablet elementor-widget elementor-widget-button\" data-id=\"ee3c8d5\" data-element_type=\"widget\" data-widget_type=\"button.default\">\n\t\t\t\t\t\t\t\t\t\t<a class=\"elementor-button elementor-size-sm\" role=\"button\">\n\t\t\t\t\t\t<span class=\"elementor-button-content-wrapper\">\n\t\t\t\t\t\t\t\t\t<span class=\"elementor-button-text\">Levantamiento 3D<\/span>\n\t\t\t\t\t<\/span>\n\t\t\t\t\t<\/a>\n\t\t\t\t\t\t\t\t<\/div>\n\t\t\t\t<div class=\"elementor-element elementor-element-3d20e8c elementor-align-left elementor-hidden-mobile elementor-widget elementor-widget-button\" data-id=\"3d20e8c\" data-element_type=\"widget\" data-widget_type=\"button.default\">\n\t\t\t\t\t\t\t\t\t\t<a class=\"elementor-button elementor-size-sm\" role=\"button\">\n\t\t\t\t\t\t<span class=\"elementor-button-content-wrapper\">\n\t\t\t\t\t\t\t\t\t<span class=\"elementor-button-text\">Levantamiento 3D<\/span>\n\t\t\t\t\t<\/span>\n\t\t\t\t\t<\/a>\n\t\t\t\t\t\t\t\t<\/div>\n\t\t\t\t<div class=\"elementor-element elementor-element-5f61f60 elementor-widget elementor-widget-text-editor\" data-id=\"5f61f60\" data-element_type=\"widget\" data-widget_type=\"text-editor.default\">\n\t\t\t\t\t\t\t\t\t<p>Captura de datos con <strong>equipos X7, X9 y S5 para un modelado preciso<\/strong> de instalaciones y componentes.<\/p>\t\t\t\t\t\t\t\t<\/div>\n\t\t\t\t<\/div>\n\t\t<div class=\"elementor-element elementor-element-1b1c550 e-con-full e-flex e-con e-child\" data-id=\"1b1c550\" data-element_type=\"container\">\n\t\t\t\t<div class=\"elementor-element elementor-element-1f21afe elementor-align-left elementor-hidden-desktop elementor-hidden-tablet elementor-widget elementor-widget-button\" data-id=\"1f21afe\" data-element_type=\"widget\" data-widget_type=\"button.default\">\n\t\t\t\t\t\t\t\t\t\t<a class=\"elementor-button elementor-size-sm\" role=\"button\">\n\t\t\t\t\t\t<span class=\"elementor-button-content-wrapper\">\n\t\t\t\t\t\t\t\t\t<span class=\"elementor-button-text\">An\u00e1lisis de nube de puntos<\/span>\n\t\t\t\t\t<\/span>\n\t\t\t\t\t<\/a>\n\t\t\t\t\t\t\t\t<\/div>\n\t\t\t\t<div class=\"elementor-element elementor-element-aa26cde elementor-align-left elementor-hidden-mobile elementor-widget elementor-widget-button\" data-id=\"aa26cde\" data-element_type=\"widget\" data-widget_type=\"button.default\">\n\t\t\t\t\t\t\t\t\t\t<a class=\"elementor-button elementor-size-sm\" role=\"button\">\n\t\t\t\t\t\t<span class=\"elementor-button-content-wrapper\">\n\t\t\t\t\t\t\t\t\t<span class=\"elementor-button-text\">An\u00e1lisis de nube de puntos<\/span>\n\t\t\t\t\t<\/span>\n\t\t\t\t\t<\/a>\n\t\t\t\t\t\t\t\t<\/div>\n\t\t\t\t<div class=\"elementor-element elementor-element-bef03d7 elementor-widget elementor-widget-text-editor\" data-id=\"bef03d7\" data-element_type=\"widget\" data-widget_type=\"text-editor.default\">\n\t\t\t\t\t\t\t\t\t<p><strong>Procesamiento y an\u00e1lisis detallado\u00a0<\/strong>para validar dimensiones y condiciones <strong>en terreno<\/strong>.<\/p>\t\t\t\t\t\t\t\t<\/div>\n\t\t\t\t<\/div>\n\t\t<div class=\"elementor-element elementor-element-2f5a29f e-con-full e-flex e-con e-child\" data-id=\"2f5a29f\" data-element_type=\"container\">\n\t\t\t\t<div class=\"elementor-element elementor-element-dd0cca3 elementor-align-left elementor-hidden-desktop elementor-hidden-tablet elementor-widget elementor-widget-button\" data-id=\"dd0cca3\" data-element_type=\"widget\" data-widget_type=\"button.default\">\n\t\t\t\t\t\t\t\t\t\t<a class=\"elementor-button elementor-size-sm\" role=\"button\">\n\t\t\t\t\t\t<span class=\"elementor-button-content-wrapper\">\n\t\t\t\t\t\t\t\t\t<span class=\"elementor-button-text\">Modelamiento 3D<\/span>\n\t\t\t\t\t<\/span>\n\t\t\t\t\t<\/a>\n\t\t\t\t\t\t\t\t<\/div>\n\t\t\t\t<div class=\"elementor-element elementor-element-9bd2585 elementor-hidden-mobile elementor-widget elementor-widget-button\" data-id=\"9bd2585\" data-element_type=\"widget\" data-widget_type=\"button.default\">\n\t\t\t\t\t\t\t\t\t\t<a class=\"elementor-button elementor-size-sm\" role=\"button\">\n\t\t\t\t\t\t<span class=\"elementor-button-content-wrapper\">\n\t\t\t\t\t\t\t\t\t<span class=\"elementor-button-text\">Modelamiento 3D<\/span>\n\t\t\t\t\t<\/span>\n\t\t\t\t\t<\/a>\n\t\t\t\t\t\t\t\t<\/div>\n\t\t\t\t<div class=\"elementor-element elementor-element-7bfa9d1 elementor-widget elementor-widget-text-editor\" data-id=\"7bfa9d1\" data-element_type=\"widget\" data-widget_type=\"text-editor.default\">\n\t\t\t\t\t\t\t\t\t<p><strong>Dise\u00f1o avanzado de estructuras<\/strong> y equipos mediante <strong>Tekla, Inventor, AutoCAD, y Real Works<\/strong>.<\/p>\t\t\t\t\t\t\t\t<\/div>\n\t\t\t\t<\/div>\n\t\t<div class=\"elementor-element elementor-element-e9a4df1 e-con-full e-flex e-con e-child\" data-id=\"e9a4df1\" data-element_type=\"container\">\n\t\t\t\t<div class=\"elementor-element elementor-element-1c9f9f0 elementor-align-left elementor-hidden-desktop elementor-hidden-tablet elementor-widget elementor-widget-button\" data-id=\"1c9f9f0\" data-element_type=\"widget\" data-widget_type=\"button.default\">\n\t\t\t\t\t\t\t\t\t\t<a class=\"elementor-button elementor-size-sm\" role=\"button\">\n\t\t\t\t\t\t<span class=\"elementor-button-content-wrapper\">\n\t\t\t\t\t\t\t\t\t<span class=\"elementor-button-text\">Verificaci\u00f3n de dise\u00f1os<\/span>\n\t\t\t\t\t<\/span>\n\t\t\t\t\t<\/a>\n\t\t\t\t\t\t\t\t<\/div>\n\t\t\t\t<div class=\"elementor-element elementor-element-1929f3d elementor-hidden-mobile elementor-widget elementor-widget-button\" data-id=\"1929f3d\" data-element_type=\"widget\" data-widget_type=\"button.default\">\n\t\t\t\t\t\t\t\t\t\t<a class=\"elementor-button elementor-size-sm\" role=\"button\">\n\t\t\t\t\t\t<span class=\"elementor-button-content-wrapper\">\n\t\t\t\t\t\t\t\t\t<span class=\"elementor-button-text\">Verificaci\u00f3n de dise\u00f1os<\/span>\n\t\t\t\t\t<\/span>\n\t\t\t\t\t<\/a>\n\t\t\t\t\t\t\t\t<\/div>\n\t\t\t\t<div class=\"elementor-element elementor-element-04cfc1e elementor-widget elementor-widget-text-editor\" data-id=\"04cfc1e\" data-element_type=\"widget\" data-widget_type=\"text-editor.default\">\n\t\t\t\t\t\t\t\t\t<p>Contraste entre modelos digitales y realidad para\u00a0<strong>garantizar seguridad, calidad y confiabilidad.<\/strong><\/p>\t\t\t\t\t\t\t\t<\/div>\n\t\t\t\t<\/div>\n\t\t\t\t<\/div>\n\t\t\t\t<\/div>\n\t\t<div class=\"elementor-element elementor-element-db34a5b e-con-full e-flex e-con e-child\" data-id=\"db34a5b\" data-element_type=\"container\">\n\t\t\t\t<\/div>\n\t\t\t\t\t<\/div>\n\t\t\t\t<\/div>\n\t\t<div class=\"elementor-element elementor-element-1d1f611 elementor-hidden-mobile e-flex e-con-boxed e-con e-parent\" data-id=\"1d1f611\" data-element_type=\"container\">\n\t\t\t\t\t<div class=\"e-con-inner\">\n\t\t<div class=\"elementor-element elementor-element-7fae818 e-con-full e-flex e-con e-child\" data-id=\"7fae818\" data-element_type=\"container\">\n\t\t\t\t<div class=\"elementor-element elementor-element-61056a0 elementor-widget__width-inherit elementor-widget elementor-widget-heading\" data-id=\"61056a0\" data-element_type=\"widget\" data-widget_type=\"heading.default\">\n\t\t\t\t\t<h2 class=\"elementor-heading-title elementor-size-default\">Nuestras Capacidades de Ingenier\u00eda<\/h2>\t\t\t\t<\/div>\n\t\t\t\t<div class=\"elementor-element elementor-element-3bfdde4 elementor-widget elementor-widget-image\" data-id=\"3bfdde4\" data-element_type=\"widget\" data-widget_type=\"image.default\">\n\t\t\t\t\t\t\t\t\t\t\t\t\t\t\t<img decoding=\"async\" width=\"493\" height=\"9\" src=\"https:\/\/proactive.nexbu.cloud\/wp-content\/uploads\/2025\/10\/divisor-largo.png\" class=\"attachment-full size-full wp-image-1996\" alt=\"\" srcset=\"https:\/\/proactive.nexbu.cloud\/wp-content\/uploads\/2025\/10\/divisor-largo.png 493w, https:\/\/proactive.nexbu.cloud\/wp-content\/uploads\/2025\/10\/divisor-largo-300x5.png 300w\" sizes=\"(max-width: 493px) 100vw, 493px\" \/>\t\t\t\t\t\t\t\t\t\t\t\t\t\t\t<\/div>\n\t\t\t\t<div class=\"elementor-element elementor-element-614a2c7 elementor-widget__width-inherit elementor-widget elementor-widget-text-editor\" data-id=\"614a2c7\" data-element_type=\"widget\" data-widget_type=\"text-editor.default\">\n\t\t\t\t\t\t\t\t\t<p>Ofrecemos soluciones t\u00e9cnicas avanzadas que combinan levantamientos digitales, modelados 3D y verificaci\u00f3n de dise\u00f1os, asegurando precisi\u00f3n y eficiencia en cada proyecto.<\/p>\t\t\t\t\t\t\t\t<\/div>\n\t\t<div class=\"elementor-element elementor-element-0a4b0aa e-grid e-con-full e-con e-child\" data-id=\"0a4b0aa\" data-element_type=\"container\">\n\t\t<div class=\"elementor-element elementor-element-b06747b e-con-full e-flex e-con e-child\" data-id=\"b06747b\" data-element_type=\"container\">\n\t\t\t\t<div class=\"elementor-element elementor-element-eda972a elementor-align-left elementor-widget elementor-widget-button\" data-id=\"eda972a\" data-element_type=\"widget\" data-widget_type=\"button.default\">\n\t\t\t\t\t\t\t\t\t\t<a class=\"elementor-button elementor-size-sm\" role=\"button\">\n\t\t\t\t\t\t<span class=\"elementor-button-content-wrapper\">\n\t\t\t\t\t\t\t\t\t<span class=\"elementor-button-text\">Levantamiento 3D<\/span>\n\t\t\t\t\t<\/span>\n\t\t\t\t\t<\/a>\n\t\t\t\t\t\t\t\t<\/div>\n\t\t\t\t<div class=\"elementor-element elementor-element-11e6b29 elementor-widget elementor-widget-text-editor\" data-id=\"11e6b29\" data-element_type=\"widget\" data-widget_type=\"text-editor.default\">\n\t\t\t\t\t\t\t\t\t<p>Captura de datos con <strong>equipos X7, X9 y S5 para un modelado preciso<\/strong> de instalaciones y componentes.<\/p>\t\t\t\t\t\t\t\t<\/div>\n\t\t\t\t<\/div>\n\t\t<div class=\"elementor-element elementor-element-affd66a e-con-full e-flex e-con e-child\" data-id=\"affd66a\" data-element_type=\"container\">\n\t\t\t\t<div class=\"elementor-element elementor-element-8e18106 elementor-align-left elementor-widget elementor-widget-button\" data-id=\"8e18106\" data-element_type=\"widget\" data-widget_type=\"button.default\">\n\t\t\t\t\t\t\t\t\t\t<a class=\"elementor-button elementor-size-sm\" role=\"button\">\n\t\t\t\t\t\t<span class=\"elementor-button-content-wrapper\">\n\t\t\t\t\t\t\t\t\t<span class=\"elementor-button-text\">An\u00e1lisis de nube de puntos<\/span>\n\t\t\t\t\t<\/span>\n\t\t\t\t\t<\/a>\n\t\t\t\t\t\t\t\t<\/div>\n\t\t\t\t<div class=\"elementor-element elementor-element-0377224 elementor-widget elementor-widget-text-editor\" data-id=\"0377224\" data-element_type=\"widget\" data-widget_type=\"text-editor.default\">\n\t\t\t\t\t\t\t\t\t<p><strong>Procesamiento y an\u00e1lisis detallado\u00a0<\/strong>para validar dimensiones y condiciones <strong>en terreno<\/strong>.<\/p>\t\t\t\t\t\t\t\t<\/div>\n\t\t\t\t<\/div>\n\t\t<div class=\"elementor-element elementor-element-3da5eb6 e-con-full e-flex e-con e-child\" data-id=\"3da5eb6\" data-element_type=\"container\">\n\t\t\t\t<div class=\"elementor-element elementor-element-2fbee02 elementor-widget elementor-widget-button\" data-id=\"2fbee02\" data-element_type=\"widget\" data-widget_type=\"button.default\">\n\t\t\t\t\t\t\t\t\t\t<a class=\"elementor-button elementor-size-sm\" role=\"button\">\n\t\t\t\t\t\t<span class=\"elementor-button-content-wrapper\">\n\t\t\t\t\t\t\t\t\t<span class=\"elementor-button-text\">Modelamiento 3D<\/span>\n\t\t\t\t\t<\/span>\n\t\t\t\t\t<\/a>\n\t\t\t\t\t\t\t\t<\/div>\n\t\t\t\t<div class=\"elementor-element elementor-element-5f03269 elementor-widget elementor-widget-text-editor\" data-id=\"5f03269\" data-element_type=\"widget\" data-widget_type=\"text-editor.default\">\n\t\t\t\t\t\t\t\t\t<p><strong>Dise\u00f1o avanzado de estructuras<\/strong> y equipos mediante <strong>Tekla, Inventor, AutoCAD, y Real Works<\/strong>.<\/p>\t\t\t\t\t\t\t\t<\/div>\n\t\t\t\t<\/div>\n\t\t<div class=\"elementor-element elementor-element-04bbb4e e-con-full e-flex e-con e-child\" data-id=\"04bbb4e\" data-element_type=\"container\">\n\t\t\t\t<div class=\"elementor-element elementor-element-48460c2 elementor-widget elementor-widget-button\" data-id=\"48460c2\" data-element_type=\"widget\" data-widget_type=\"button.default\">\n\t\t\t\t\t\t\t\t\t\t<a class=\"elementor-button elementor-size-sm\" role=\"button\">\n\t\t\t\t\t\t<span class=\"elementor-button-content-wrapper\">\n\t\t\t\t\t\t\t\t\t<span class=\"elementor-button-text\">Verificaci\u00f3n de dise\u00f1os<\/span>\n\t\t\t\t\t<\/span>\n\t\t\t\t\t<\/a>\n\t\t\t\t\t\t\t\t<\/div>\n\t\t\t\t<div class=\"elementor-element elementor-element-72440e7 elementor-widget elementor-widget-text-editor\" data-id=\"72440e7\" data-element_type=\"widget\" data-widget_type=\"text-editor.default\">\n\t\t\t\t\t\t\t\t\t<p>Contraste entre modelos digitales y realidad para\u00a0<strong>garantizar seguridad, calidad y confiabilidad.<\/strong><\/p>\t\t\t\t\t\t\t\t<\/div>\n\t\t\t\t<\/div>\n\t\t\t\t<\/div>\n\t\t\t\t<\/div>\n\t\t<div class=\"elementor-element elementor-element-4a76ea1 e-con-full e-flex e-con e-child\" data-id=\"4a76ea1\" data-element_type=\"container\">\n\t\t\t\t<\/div>\n\t\t\t\t\t<\/div>\n\t\t\t\t<\/div>\n\t\t<div class=\"elementor-element elementor-element-d7d9d99 e-con-full e-flex e-con e-parent\" data-id=\"d7d9d99\" data-element_type=\"container\" data-settings=\"{&quot;background_background&quot;:&quot;classic&quot;}\">\n\t\t<div class=\"elementor-element elementor-element-69d8d7b e-flex e-con-boxed e-con e-child\" data-id=\"69d8d7b\" data-element_type=\"container\">\n\t\t\t\t\t<div class=\"e-con-inner\">\n\t\t\t\t<div class=\"elementor-element elementor-element-93851c3 elementor-widget__width-initial elementor-widget-mobile__width-inherit elementor-widget elementor-widget-heading\" data-id=\"93851c3\" data-element_type=\"widget\" data-widget_type=\"heading.default\">\n\t\t\t\t\t<h2 class=\"elementor-heading-title elementor-size-default\">\u00bfQuieres llevar tus proyectos al siguiente nivel?<\/h2>\t\t\t\t<\/div>\n\t\t\t\t<div class=\"elementor-element elementor-element-7cc3fd5 elementor-widget__width-initial elementor-widget-mobile__width-inherit elementor-widget elementor-widget-text-editor\" data-id=\"7cc3fd5\" data-element_type=\"widget\" data-widget_type=\"text-editor.default\">\n\t\t\t\t\t\t\t\t\t<p>Hablemos sobre c\u00f3mo podemos ayudarte a optimizar dise\u00f1os, reducir costos y garantizar seguridad en tus operaciones.<\/p>\t\t\t\t\t\t\t\t<\/div>\n\t\t\t\t<div class=\"elementor-element elementor-element-180e634 boton-sombra elementor-mobile-align-justify elementor-widget-mobile__width-inherit elementor-widget elementor-widget-button\" data-id=\"180e634\" data-element_type=\"widget\" data-widget_type=\"button.default\">\n\t\t\t\t\t\t\t\t\t\t<a class=\"elementor-button elementor-button-link elementor-size-sm\" href=\"https:\/\/proactive.nexbu.cloud\/?page_id=2784\">\n\t\t\t\t\t\t<span class=\"elementor-button-content-wrapper\">\n\t\t\t\t\t\t\t\t\t<span class=\"elementor-button-text\">Cont\u00e1ctanos<\/span>\n\t\t\t\t\t<\/span>\n\t\t\t\t\t<\/a>\n\t\t\t\t\t\t\t\t<\/div>\n\t\t\t\t\t<\/div>\n\t\t\t\t<\/div>\n\t\t\t\t<\/div>\n\t\t\t\t<\/div>\n\t\t","protected":false},"excerpt":{"rendered":"<p>Ingenier\u00eda de precisi\u00f3n para la Gran Miner\u00eda Dise\u00f1amos y verificamos proyectos industriales con herramientas digitales de \u00faltima generaci\u00f3n, asegurando soluciones m\u00e1s seguras, eficientes y sostenibles. Cont\u00e1ctanos Conocer servicios Soluciones de ingenier\u00eda que transforman operaciones En PROACTIVE desarrollamos estudios, levantamientos y modelados que permiten anticipar riesgos y optimizar dise\u00f1os. Gracias a la integraci\u00f3n de software especializado [&hellip;]<\/p>\n","protected":false},"author":1,"featured_media":0,"parent":0,"menu_order":0,"comment_status":"closed","ping_status":"closed","template":"elementor_header_footer","meta":{"_acf_changed":false,"footnotes":""},"class_list":["post-57","page","type-page","status-publish","hentry"],"acf":[],"_links":{"self":[{"href":"https:\/\/proactive.nexbu.cloud\/index.php?rest_route=\/wp\/v2\/pages\/57","targetHints":{"allow":["GET"]}}],"collection":[{"href":"https:\/\/proactive.nexbu.cloud\/index.php?rest_route=\/wp\/v2\/pages"}],"about":[{"href":"https:\/\/proactive.nexbu.cloud\/index.php?rest_route=\/wp\/v2\/types\/page"}],"author":[{"embeddable":true,"href":"https:\/\/proactive.nexbu.cloud\/index.php?rest_route=\/wp\/v2\/users\/1"}],"replies":[{"embeddable":true,"href":"https:\/\/proactive.nexbu.cloud\/index.php?rest_route=%2Fwp%2Fv2%2Fcomments&post=57"}],"version-history":[{"count":0,"href":"https:\/\/proactive.nexbu.cloud\/index.php?rest_route=\/wp\/v2\/pages\/57\/revisions"}],"wp:attachment":[{"href":"https:\/\/proactive.nexbu.cloud\/index.php?rest_route=%2Fwp%2Fv2%2Fmedia&parent=57"}],"curies":[{"name":"wp","href":"https:\/\/api.w.org\/{rel}","templated":true}]}}